{"id":25243,"date":"2023-05-31T20:28:45","date_gmt":"2023-05-31T20:28:45","guid":{"rendered":"https:\/\/transportetyl.com\/?page_id=25243"},"modified":"2023-06-01T20:59:22","modified_gmt":"2023-06-01T20:59:22","slug":"elementor-25243","status":"publish","type":"page","link":"https:\/\/transportetyl.com\/index.php\/elementor-25243\/","title":{"rendered":"NOSOTROS"},"content":{"rendered":"\t\t<div data-elementor-type=\"wp-page\" data-elementor-id=\"25243\" class=\"elementor elementor-25243\">\n\t\t\t\t\t\t\t<div class=\"elementor-element elementor-element-67beac5 e-con-boxed e-flex e-con\" data-id=\"67beac5\" data-element_type=\"container\" data-settings=\"{&quot;content_width&quot;:&quot;boxed&quot;}\">\n\t\t\t\t\t<div class=\"e-con-inner\">\n\t\t\t\t<div class=\"elementor-element elementor-element-5d81ee8 elementor-widget elementor-widget-heading\" data-id=\"5d81ee8\" data-element_type=\"widget\" data-widget_type=\"heading.default\">\n\t\t\t\t<div class=\"elementor-widget-container\">\n\t\t\t<style>\/*! elementor - v3.13.3 - 28-05-2023 *\/\n.elementor-heading-title{padding:0;margin:0;line-height:1}.elementor-widget-heading .elementor-heading-title[class*=elementor-size-]>a{color:inherit;font-size:inherit;line-height:inherit}.elementor-widget-heading .elementor-heading-title.elementor-size-small{font-size:15px}.elementor-widget-heading .elementor-heading-title.elementor-size-medium{font-size:19px}.elementor-widget-heading .elementor-heading-title.elementor-size-large{font-size:29px}.elementor-widget-heading .elementor-heading-title.elementor-size-xl{font-size:39px}.elementor-widget-heading .elementor-heading-title.elementor-size-xxl{font-size:59px}<\/style><h1 class=\"elementor-heading-title elementor-size-default\">Quienes Somos<\/h1>\t\t<\/div>\n\t\t\t\t<\/div>\n\t\t\t\t<div class=\"elementor-element elementor-element-b523d66 elementor-widget elementor-widget-text-editor\" data-id=\"b523d66\" data-element_type=\"widget\" data-widget_type=\"text-editor.default\">\n\t\t\t\t<div class=\"elementor-widget-container\">\n\t\t\t<style>\/*! elementor - v3.13.3 - 28-05-2023 *\/\n.elementor-widget-text-editor.elementor-drop-cap-view-stacked .elementor-drop-cap{background-color:#69727d;color:#fff}.elementor-widget-text-editor.elementor-drop-cap-view-framed .elementor-drop-cap{color:#69727d;border:3px solid;background-color:transparent}.elementor-widget-text-editor:not(.elementor-drop-cap-view-default) .elementor-drop-cap{margin-top:8px}.elementor-widget-text-editor:not(.elementor-drop-cap-view-default) .elementor-drop-cap-letter{width:1em;height:1em}.elementor-widget-text-editor .elementor-drop-cap{float:left;text-align:center;line-height:1;font-size:50px}.elementor-widget-text-editor .elementor-drop-cap-letter{display:inline-block}<\/style>\t\t\t\t<p>TRANSPORTE &amp; LOGISTICA SERVICES es una empresa de transporte terrestre especial de pasajeros ubicada en la ciudad de NEIVA-HUILA. Estamos comprometidos con el cumplimiento de los requisitos legales y la satisfacci\u00f3n de nuestros clientes brind\u00e1ndoles soluciones personalizadas. Contamos con conductores experimentados, capacitados y veh\u00edculos que garantizan seguridad y comodidad en su viaje.<\/p>\t\t\t\t\t\t<\/div>\n\t\t\t\t<\/div>\n\t\t\t\t\t<\/div>\n\t\t\t\t<\/div>\n\t\t<div class=\"elementor-element elementor-element-0a6c14e e-con-boxed e-flex e-con\" data-id=\"0a6c14e\" data-element_type=\"container\" data-settings=\"{&quot;content_width&quot;:&quot;boxed&quot;}\">\n\t\t\t\t\t<div class=\"e-con-inner\">\n\t\t<div class=\"elementor-element elementor-element-b88013c e-con-full e-flex e-con\" data-id=\"b88013c\" data-element_type=\"container\" data-settings=\"{&quot;content_width&quot;:&quot;full&quot;}\">\n\t\t\t\t<div class=\"elementor-element elementor-element-eb8b53b elementor-widget elementor-widget-heading\" data-id=\"eb8b53b\" data-element_type=\"widget\" data-widget_type=\"heading.default\">\n\t\t\t\t<div class=\"elementor-widget-container\">\n\t\t\t<h3 class=\"elementor-heading-title elementor-size-default\">MISION<\/h3>\t\t<\/div>\n\t\t\t\t<\/div>\n\t\t\t\t<div class=\"elementor-element elementor-element-d673fde elementor-widget elementor-widget-text-editor\" data-id=\"d673fde\" data-element_type=\"widget\" data-widget_type=\"text-editor.default\">\n\t\t\t\t<div class=\"elementor-widget-container\">\n\t\t\t\t\t\t\t<p>TRANSPORTE &amp; LOGISTICA SERVICES SAS; brindar a sus clientes el servicio de transporte publico especial de pasajeros en sus modalidades empresarial, escolar y de turismo, soportado con un personal competente, un moderno y confortable parque automotor, y la mejor infraestructura tecnol\u00f3gica y f\u00edsica; con altos est\u00e1ndares de seguridad, calidad y gesti\u00f3n ambiental, y con los cumplimientos de los requisitos aplicables<\/p>\t\t\t\t\t\t<\/div>\n\t\t\t\t<\/div>\n\t\t\t\t<\/div>\n\t\t<div class=\"elementor-element elementor-element-a3b1f42 e-con-full e-flex e-con\" data-id=\"a3b1f42\" data-element_type=\"container\" data-settings=\"{&quot;content_width&quot;:&quot;full&quot;}\">\n\t\t\t\t<div class=\"elementor-element elementor-element-7e90fe3 elementor-widget elementor-widget-image\" data-id=\"7e90fe3\" data-element_type=\"widget\" data-widget_type=\"image.default\">\n\t\t\t\t<div class=\"elementor-widget-container\">\n\t\t\t<style>\/*! elementor - v3.13.3 - 28-05-2023 *\/\n.elementor-widget-image{text-align:center}.elementor-widget-image a{display:inline-block}.elementor-widget-image a img[src$=\".svg\"]{width:48px}.elementor-widget-image img{vertical-align:middle;display:inline-block}<\/style>\t\t\t\t\t\t\t\t\t\t\t\t<img loading=\"lazy\" decoding=\"async\" width=\"844\" height=\"560\" src=\"https:\/\/transportetyl.com\/wp-content\/uploads\/2023\/05\/image-3.png\" class=\"attachment-large size-large wp-image-1292\" alt=\"\" srcset=\"https:\/\/transportetyl.com\/wp-content\/uploads\/2023\/05\/image-3.png 844w, https:\/\/transportetyl.com\/wp-content\/uploads\/2023\/05\/image-3-600x398.png 600w, https:\/\/transportetyl.com\/wp-content\/uploads\/2023\/05\/image-3-300x199.png 300w, https:\/\/transportetyl.com\/wp-content\/uploads\/2023\/05\/image-3-768x510.png 768w\" sizes=\"auto, (max-width: 844px) 100vw, 844px\" \/>\t\t\t\t\t\t\t\t\t\t\t\t\t\t\t<\/div>\n\t\t\t\t<\/div>\n\t\t\t\t<\/div>\n\t\t\t\t\t<\/div>\n\t\t\t\t<\/div>\n\t\t<div class=\"elementor-element elementor-element-b165660 e-con-boxed e-flex e-con\" data-id=\"b165660\" data-element_type=\"container\" data-settings=\"{&quot;content_width&quot;:&quot;boxed&quot;}\">\n\t\t\t\t\t<div class=\"e-con-inner\">\n\t\t\t\t<div class=\"elementor-element elementor-element-3bb05cf elementor-widget elementor-widget-heading\" data-id=\"3bb05cf\" data-element_type=\"widget\" data-widget_type=\"heading.default\">\n\t\t\t\t<div class=\"elementor-widget-container\">\n\t\t\t<h3 class=\"elementor-heading-title elementor-size-default\">VISION<\/h3>\t\t<\/div>\n\t\t\t\t<\/div>\n\t\t\t\t<div class=\"elementor-element elementor-element-7835343 elementor-widget elementor-widget-text-editor\" data-id=\"7835343\" data-element_type=\"widget\" data-widget_type=\"text-editor.default\">\n\t\t\t\t<div class=\"elementor-widget-container\">\n\t\t\t\t\t\t\t<p>Posicionarnos para el a\u00f1o 2030 como la mejor compa\u00f1\u00eda en el sector del transporte especial de pasajeros, a trav\u00e9s de servicios de calidad, siendo integralmente sostenibles, aumentando su rentabilidad de forma segura para la operaci\u00f3n de las partes interesadas; expandiendo el mercado a nivel local y regional.<\/p>\t\t\t\t\t\t<\/div>\n\t\t\t\t<\/div>\n\t\t\t\t\t<\/div>\n\t\t\t\t<\/div>\n\t\t<div class=\"elementor-element elementor-element-a269299 e-con-boxed e-flex e-con\" data-id=\"a269299\" data-element_type=\"container\" data-settings=\"{&quot;content_width&quot;:&quot;boxed&quot;}\">\n\t\t\t\t\t<div class=\"e-con-inner\">\n\t\t<div class=\"elementor-element elementor-element-4c36092 e-con-full e-flex e-con\" data-id=\"4c36092\" data-element_type=\"container\" data-settings=\"{&quot;content_width&quot;:&quot;full&quot;}\">\n\t\t\t\t<div class=\"elementor-element elementor-element-2977fdd elementor-widget__width-initial elementor-widget elementor-widget-image\" data-id=\"2977fdd\" data-element_type=\"widget\" data-widget_type=\"image.default\">\n\t\t\t\t<div class=\"elementor-widget-container\">\n\t\t\t\t\t\t\t\t\t\t\t\t\t\t\t<img loading=\"lazy\" decoding=\"async\" width=\"533\" height=\"355\" src=\"https:\/\/transportetyl.com\/wp-content\/uploads\/2023\/05\/oficina-edited.png\" class=\"attachment-large size-large wp-image-1263\" alt=\"\" srcset=\"https:\/\/transportetyl.com\/wp-content\/uploads\/2023\/05\/oficina-edited.png 533w, https:\/\/transportetyl.com\/wp-content\/uploads\/2023\/05\/oficina-edited-300x200.png 300w\" sizes=\"auto, (max-width: 533px) 100vw, 533px\" \/>\t\t\t\t\t\t\t\t\t\t\t\t\t\t\t<\/div>\n\t\t\t\t<\/div>\n\t\t\t\t<\/div>\n\t\t<div class=\"elementor-element elementor-element-c7a4225 e-con-full e-flex e-con\" data-id=\"c7a4225\" data-element_type=\"container\" data-settings=\"{&quot;content_width&quot;:&quot;full&quot;}\">\n\t\t\t\t<div class=\"elementor-element elementor-element-02ef4aa elementor-widget elementor-widget-heading\" data-id=\"02ef4aa\" data-element_type=\"widget\" data-widget_type=\"heading.default\">\n\t\t\t\t<div class=\"elementor-widget-container\">\n\t\t\t<h3 class=\"elementor-heading-title elementor-size-default\">POLITICA INTEGRAL<\/h3>\t\t<\/div>\n\t\t\t\t<\/div>\n\t\t\t\t<div class=\"elementor-element elementor-element-c67e8d4 elementor-widget elementor-widget-text-editor\" data-id=\"c67e8d4\" data-element_type=\"widget\" data-widget_type=\"text-editor.default\">\n\t\t\t\t<div class=\"elementor-widget-container\">\n\t\t\t\t\t\t\t<p>Somos una empresa del sector de transporte especial de pasajeros, comprometidos con el cumplimiento de los requisitos legales y aplicables, con personal competente y con una cultura basada en autocuidado para la disminuci\u00f3n de los riesgos laborales y la minimizaci\u00f3n de los impactos ambientales de la operaci\u00f3n de nuestros veh\u00edculos, comprometidos con la mejora continua de nuestros procesos y la planificaci\u00f3n estrat\u00e9gica de nuestra actividad.<\/p>\t\t\t\t\t\t<\/div>\n\t\t\t\t<\/div>\n\t\t\t\t<\/div>\n\t\t\t\t\t<\/div>\n\t\t\t\t<\/div>\n\t\t<div class=\"elementor-element elementor-element-b139ad8 e-con-boxed e-flex e-con\" data-id=\"b139ad8\" data-element_type=\"container\" data-settings=\"{&quot;content_width&quot;:&quot;boxed&quot;}\">\n\t\t\t\t\t<div class=\"e-con-inner\">\n\t\t\t\t<div class=\"elementor-element elementor-element-6220e1f elementor-widget elementor-widget-google_maps\" data-id=\"6220e1f\" data-element_type=\"widget\" data-widget_type=\"google_maps.default\">\n\t\t\t\t<div class=\"elementor-widget-container\">\n\t\t\t<style>\/*! elementor - v3.13.3 - 28-05-2023 *\/\n.elementor-widget-google_maps .elementor-widget-container{overflow:hidden}.elementor-widget-google_maps .elementor-custom-embed{line-height:0}.elementor-widget-google_maps iframe{height:300px}<\/style>\t\t<div class=\"elementor-custom-embed\">\n\t\t\t<iframe loading=\"lazy\"\n\t\t\t\t\tsrc=\"https:\/\/maps.google.com\/maps?q=calle%2067%20%23%204-06&#038;t=m&#038;z=17&#038;output=embed&#038;iwloc=near\"\n\t\t\t\t\ttitle=\"calle 67 # 4-06\"\n\t\t\t\t\taria-label=\"calle 67 # 4-06\"\n\t\t\t><\/iframe>\n\t\t<\/div>\n\t\t\t\t<\/div>\n\t\t\t\t<\/div>\n\t\t\t\t\t<\/div>\n\t\t\t\t<\/div>\n\t\t\t\t\t\t\t<\/div>\n\t\t","protected":false},"excerpt":{"rendered":"<p>Quienes Somos TRANSPORTE &amp; LOGISTICA SERVICES es una empresa de transporte terrestre especial de pasajeros ubicada en la ciudad de NEIVA-HUILA. Estamos comprometidos con el cumplimiento de los requisitos legales y la satisfacci\u00f3n de nuestros clientes brind\u00e1ndoles soluciones personalizadas. Contamos con conductores experimentados, capacitados y veh\u00edculos que garantizan seguridad y comodidad en su viaje. MISION [&hellip;]<\/p>\n","protected":false},"author":1,"featured_media":0,"parent":0,"menu_order":0,"comment_status":"closed","ping_status":"closed","template":"","meta":{"_uag_custom_page_level_css":"","site-sidebar-layout":"no-sidebar","site-content-layout":"page-builder","ast-site-content-layout":"default","site-content-style":"default","site-sidebar-style":"default","ast-global-header-display":"","ast-banner-title-visibility":"","ast-main-header-display":"","ast-hfb-above-header-display":"","ast-hfb-below-header-display":"","ast-hfb-mobile-header-display":"","site-post-title":"disabled","ast-breadcrumbs-content":"","ast-featured-img":"disabled","footer-sml-layout":"","theme-transparent-header-meta":"","adv-header-id-meta":"","stick-header-meta":"","header-above-stick-meta":"","header-main-stick-meta":"","header-below-stick-meta":"","astra-migrate-meta-layouts":"default","ast-page-background-enabled":"default","ast-page-background-meta":{"desktop":{"background-color":"","background-image":"","background-repeat":"repeat","background-position":"center center","background-size":"auto","background-attachment":"scroll","background-type":"","background-media":"","overlay-type":"","overlay-color":"","overlay-opacity":"","overlay-gradient":""},"tablet":{"background-color":"","background-image":"","background-repeat":"repeat","background-position":"center center","background-size":"auto","background-attachment":"scroll","background-type":"","background-media":"","overlay-type":"","overlay-color":"","overlay-opacity":"","overlay-gradient":""},"mobile":{"background-color":"","background-image":"","background-repeat":"repeat","background-position":"center center","background-size":"auto","background-attachment":"scroll","background-type":"","background-media":"","overlay-type":"","overlay-color":"","overlay-opacity":"","overlay-gradient":""}},"ast-content-background-meta":{"desktop":{"background-color":"var(--ast-global-color-5)","background-image":"","background-repeat":"repeat","background-position":"center center","background-size":"auto","background-attachment":"scroll","background-type":"","background-media":"","overlay-type":"","overlay-color":"","overlay-opacity":"","overlay-gradient":""},"tablet":{"background-color":"var(--ast-global-color-5)","background-image":"","background-repeat":"repeat","background-position":"center center","background-size":"auto","background-attachment":"scroll","background-type":"","background-media":"","overlay-type":"","overlay-color":"","overlay-opacity":"","overlay-gradient":""},"mobile":{"background-color":"var(--ast-global-color-5)","background-image":"","background-repeat":"repeat","background-position":"center center","background-size":"auto","background-attachment":"scroll","background-type":"","background-media":"","overlay-type":"","overlay-color":"","overlay-opacity":"","overlay-gradient":""}},"footnotes":""},"class_list":["post-25243","page","type-page","status-publish","hentry"],"uagb_featured_image_src":{"full":false,"thumbnail":false,"medium":false,"medium_large":false,"large":false,"1536x1536":false,"2048x2048":false,"woocommerce_thumbnail":false,"woocommerce_single":false,"woocommerce_gallery_thumbnail":false},"uagb_author_info":{"display_name":"transportetlservices","author_link":"https:\/\/transportetyl.com\/index.php\/author\/transportetlservices\/"},"uagb_comment_info":0,"uagb_excerpt":"Quienes Somos TRANSPORTE &amp; LOGISTICA SERVICES es una empresa de transporte terrestre especial de pasajeros ubicada en la ciudad de NEIVA-HUILA. Estamos comprometidos con el cumplimiento de los requisitos legales y la satisfacci\u00f3n de nuestros clientes brind\u00e1ndoles soluciones personalizadas. Contamos con conductores experimentados, capacitados y veh\u00edculos que garantizan seguridad y comodidad en su viaje. MISION&hellip;","_links":{"self":[{"href":"https:\/\/transportetyl.com\/index.php\/wp-json\/wp\/v2\/pages\/25243","targetHints":{"allow":["GET"]}}],"collection":[{"href":"https:\/\/transportetyl.com\/index.php\/wp-json\/wp\/v2\/pages"}],"about":[{"href":"https:\/\/transportetyl.com\/index.php\/wp-json\/wp\/v2\/types\/page"}],"author":[{"embeddable":true,"href":"https:\/\/transportetyl.com\/index.php\/wp-json\/wp\/v2\/users\/1"}],"replies":[{"embeddable":true,"href":"https:\/\/transportetyl.com\/index.php\/wp-json\/wp\/v2\/comments?post=25243"}],"version-history":[{"count":12,"href":"https:\/\/transportetyl.com\/index.php\/wp-json\/wp\/v2\/pages\/25243\/revisions"}],"predecessor-version":[{"id":25365,"href":"https:\/\/transportetyl.com\/index.php\/wp-json\/wp\/v2\/pages\/25243\/revisions\/25365"}],"wp:attachment":[{"href":"https:\/\/transportetyl.com\/index.php\/wp-json\/wp\/v2\/media?parent=25243"}],"curies":[{"name":"wp","href":"https:\/\/api.w.org\/{rel}","templated":true}]}}