{"id":25339,"date":"2023-06-01T20:31:17","date_gmt":"2023-06-01T20:31:17","guid":{"rendered":"https:\/\/transportetyl.com\/?page_id=25339"},"modified":"2023-06-01T20:34:07","modified_gmt":"2023-06-01T20:34:07","slug":"elementor-25339","status":"publish","type":"page","link":"https:\/\/transportetyl.com\/index.php\/elementor-25339\/","title":{"rendered":"TRANSPORTE DE TURISMO"},"content":{"rendered":"\t\t<div data-elementor-type=\"wp-page\" data-elementor-id=\"25339\" class=\"elementor elementor-25339\">\n\t\t\t\t\t\t\t\t\t<section class=\"elementor-section elementor-top-section elementor-element elementor-element-64vshr5 elementor-section-content-middle elementor-section-boxed elementor-section-height-default elementor-section-height-default\" data-id=\"64vshr5\" data-element_type=\"section\" data-settings=\"{&quot;background_background&quot;:&quot;classic&quot;}\">\n\t\t\t\t\t\t\t<div class=\"elementor-background-overlay\"><\/div>\n\t\t\t\t\t\t\t<div class=\"elementor-container elementor-column-gap-no\">\n\t\t\t\t\t<div class=\"elementor-column elementor-col-50 elementor-top-column elementor-element elementor-element-9247ec0\" data-id=\"9247ec0\" data-element_type=\"column\">\n\t\t\t<div class=\"elementor-widget-wrap elementor-element-populated\">\n\t\t\t\t\t\t\t\t<div class=\"elementor-element elementor-element-ca1608d elementor-widget elementor-widget-heading\" data-id=\"ca1608d\" data-element_type=\"widget\" data-widget_type=\"heading.default\">\n\t\t\t\t<div class=\"elementor-widget-container\">\n\t\t\t<style>\/*! elementor - v3.13.3 - 28-05-2023 *\/\n.elementor-heading-title{padding:0;margin:0;line-height:1}.elementor-widget-heading .elementor-heading-title[class*=elementor-size-]>a{color:inherit;font-size:inherit;line-height:inherit}.elementor-widget-heading .elementor-heading-title.elementor-size-small{font-size:15px}.elementor-widget-heading .elementor-heading-title.elementor-size-medium{font-size:19px}.elementor-widget-heading .elementor-heading-title.elementor-size-large{font-size:29px}.elementor-widget-heading .elementor-heading-title.elementor-size-xl{font-size:39px}.elementor-widget-heading .elementor-heading-title.elementor-size-xxl{font-size:59px}<\/style><h1 class=\"elementor-heading-title elementor-size-default\"><h3 class=\"elementor-heading-title elementor-size-xl\" style=\"font-style: normal; text-align: center; white-space: normal;\">Transporte de Turismo<\/h3><\/h1>\t\t<\/div>\n\t\t\t\t<\/div>\n\t\t\t\t<div class=\"elementor-element elementor-element-aba5f59 elementor-widget elementor-widget-text-editor\" data-id=\"aba5f59\" data-element_type=\"widget\" data-widget_type=\"text-editor.default\">\n\t\t\t\t<div class=\"elementor-widget-container\">\n\t\t\t<style>\/*! elementor - v3.13.3 - 28-05-2023 *\/\n.elementor-widget-text-editor.elementor-drop-cap-view-stacked .elementor-drop-cap{background-color:#69727d;color:#fff}.elementor-widget-text-editor.elementor-drop-cap-view-framed .elementor-drop-cap{color:#69727d;border:3px solid;background-color:transparent}.elementor-widget-text-editor:not(.elementor-drop-cap-view-default) .elementor-drop-cap{margin-top:8px}.elementor-widget-text-editor:not(.elementor-drop-cap-view-default) .elementor-drop-cap-letter{width:1em;height:1em}.elementor-widget-text-editor .elementor-drop-cap{float:left;text-align:center;line-height:1;font-size:50px}.elementor-widget-text-editor .elementor-drop-cap-letter{display:inline-block}<\/style>\t\t\t\t<h5>Nuestros veh\u00edculos cuentan con p\u00f3lizas de responsabilidad civil contractual y extracontractual,\u00a0 y en general, toda la documentaci\u00f3n exigida por el Ministerio de Transporte.<\/h5><h5>Le brindamos un equipo log\u00edstico capacitado en servicio al cliente, que le apoyar\u00e1 en todos sus requerimientos, garantizando el cumplimiento de los horarios establecidos, la comodidad con nuestro parque automotor renovado, seguridad en cada ruta de destino dentro y fuera de la ciudad<\/h5><h5>Proporcionamos la comodidad, seguridad, tranquilidad, respaldo y cumplimiento en itinerarios de sus viajes locales, regionales y nacionales en veh\u00edculos acordes a las necesidades y caracter\u00edsticas de nuestros clientes y usuarios.<\/h5>\t\t\t\t\t\t<\/div>\n\t\t\t\t<\/div>\n\t\t\t\t\t<\/div>\n\t\t<\/div>\n\t\t\t\t<div class=\"elementor-column elementor-col-50 elementor-top-column elementor-element elementor-element-3bcc9c8\" data-id=\"3bcc9c8\" data-element_type=\"column\">\n\t\t\t<div class=\"elementor-widget-wrap elementor-element-populated\">\n\t\t\t\t\t\t\t\t<div class=\"elementor-element elementor-element-d2d69e7 elementor-widget elementor-widget-image\" data-id=\"d2d69e7\" data-element_type=\"widget\" data-widget_type=\"image.default\">\n\t\t\t\t<div class=\"elementor-widget-container\">\n\t\t\t<style>\/*! elementor - v3.13.3 - 28-05-2023 *\/\n.elementor-widget-image{text-align:center}.elementor-widget-image a{display:inline-block}.elementor-widget-image a img[src$=\".svg\"]{width:48px}.elementor-widget-image img{vertical-align:middle;display:inline-block}<\/style>\t\t\t\t\t\t\t\t\t\t\t\t<img loading=\"lazy\" decoding=\"async\" width=\"1280\" height=\"758\" src=\"https:\/\/transportetyl.com\/wp-content\/uploads\/2023\/06\/WhatsApp-Image-2023-06-01-at-3.31.21-PM.jpeg\" class=\"attachment-full size-full wp-image-25342\" alt=\"\" srcset=\"https:\/\/transportetyl.com\/wp-content\/uploads\/2023\/06\/WhatsApp-Image-2023-06-01-at-3.31.21-PM.jpeg 1280w, https:\/\/transportetyl.com\/wp-content\/uploads\/2023\/06\/WhatsApp-Image-2023-06-01-at-3.31.21-PM-300x178.jpeg 300w, https:\/\/transportetyl.com\/wp-content\/uploads\/2023\/06\/WhatsApp-Image-2023-06-01-at-3.31.21-PM-1024x606.jpeg 1024w, https:\/\/transportetyl.com\/wp-content\/uploads\/2023\/06\/WhatsApp-Image-2023-06-01-at-3.31.21-PM-768x455.jpeg 768w, https:\/\/transportetyl.com\/wp-content\/uploads\/2023\/06\/WhatsApp-Image-2023-06-01-at-3.31.21-PM-600x355.jpeg 600w\" sizes=\"auto, (max-width: 1280px) 100vw, 1280px\" \/>\t\t\t\t\t\t\t\t\t\t\t\t\t\t\t<\/div>\n\t\t\t\t<\/div>\n\t\t\t\t\t<\/div>\n\t\t<\/div>\n\t\t\t\t\t\t\t<\/div>\n\t\t<\/section>\n\t\t\t\t\t\t\t<\/div>\n\t\t","protected":false},"excerpt":{"rendered":"<p>Transporte de Turismo Nuestros veh\u00edculos cuentan con p\u00f3lizas de responsabilidad civil contractual y extracontractual,\u00a0 y en general, toda la documentaci\u00f3n exigida por el Ministerio de Transporte. Le brindamos un equipo log\u00edstico capacitado en servicio al cliente, que le apoyar\u00e1 en todos sus requerimientos, garantizando el cumplimiento de los horarios establecidos, la comodidad con nuestro parque [&hellip;]<\/p>\n","protected":false},"author":1,"featured_media":0,"parent":0,"menu_order":0,"comment_status":"closed","ping_status":"closed","template":"","meta":{"_uag_custom_page_level_css":"","site-sidebar-layout":"no-sidebar","site-content-layout":"page-builder","ast-site-content-layout":"default","site-content-style":"default","site-sidebar-style":"default","ast-global-header-display":"","ast-banner-title-visibility":"","ast-main-header-display":"","ast-hfb-above-header-display":"","ast-hfb-below-header-display":"","ast-hfb-mobile-header-display":"","site-post-title":"disabled","ast-breadcrumbs-content":"","ast-featured-img":"disabled","footer-sml-layout":"","theme-transparent-header-meta":"","adv-header-id-meta":"","stick-header-meta":"","header-above-stick-meta":"","header-main-stick-meta":"","header-below-stick-meta":"","astra-migrate-meta-layouts":"default","ast-page-background-enabled":"default","ast-page-background-meta":{"desktop":{"background-color":"","background-image":"","background-repeat":"repeat","background-position":"center center","background-size":"auto","background-attachment":"scroll","background-type":"","background-media":"","overlay-type":"","overlay-color":"","overlay-opacity":"","overlay-gradient":""},"tablet":{"background-color":"","background-image":"","background-repeat":"repeat","background-position":"center center","background-size":"auto","background-attachment":"scroll","background-type":"","background-media":"","overlay-type":"","overlay-color":"","overlay-opacity":"","overlay-gradient":""},"mobile":{"background-color":"","background-image":"","background-repeat":"repeat","background-position":"center center","background-size":"auto","background-attachment":"scroll","background-type":"","background-media":"","overlay-type":"","overlay-color":"","overlay-opacity":"","overlay-gradient":""}},"ast-content-background-meta":{"desktop":{"background-color":"var(--ast-global-color-5)","background-image":"","background-repeat":"repeat","background-position":"center center","background-size":"auto","background-attachment":"scroll","background-type":"","background-media":"","overlay-type":"","overlay-color":"","overlay-opacity":"","overlay-gradient":""},"tablet":{"background-color":"var(--ast-global-color-5)","background-image":"","background-repeat":"repeat","background-position":"center center","background-size":"auto","background-attachment":"scroll","background-type":"","background-media":"","overlay-type":"","overlay-color":"","overlay-opacity":"","overlay-gradient":""},"mobile":{"background-color":"var(--ast-global-color-5)","background-image":"","background-repeat":"repeat","background-position":"center center","background-size":"auto","background-attachment":"scroll","background-type":"","background-media":"","overlay-type":"","overlay-color":"","overlay-opacity":"","overlay-gradient":""}},"footnotes":""},"class_list":["post-25339","page","type-page","status-publish","hentry"],"uagb_featured_image_src":{"full":false,"thumbnail":false,"medium":false,"medium_large":false,"large":false,"1536x1536":false,"2048x2048":false,"woocommerce_thumbnail":false,"woocommerce_single":false,"woocommerce_gallery_thumbnail":false},"uagb_author_info":{"display_name":"transportetlservices","author_link":"https:\/\/transportetyl.com\/index.php\/author\/transportetlservices\/"},"uagb_comment_info":0,"uagb_excerpt":"Transporte de Turismo Nuestros veh\u00edculos cuentan con p\u00f3lizas de responsabilidad civil contractual y extracontractual,\u00a0 y en general, toda la documentaci\u00f3n exigida por el Ministerio de Transporte. Le brindamos un equipo log\u00edstico capacitado en servicio al cliente, que le apoyar\u00e1 en todos sus requerimientos, garantizando el cumplimiento de los horarios establecidos, la comodidad con nuestro parque&hellip;","_links":{"self":[{"href":"https:\/\/transportetyl.com\/index.php\/wp-json\/wp\/v2\/pages\/25339","targetHints":{"allow":["GET"]}}],"collection":[{"href":"https:\/\/transportetyl.com\/index.php\/wp-json\/wp\/v2\/pages"}],"about":[{"href":"https:\/\/transportetyl.com\/index.php\/wp-json\/wp\/v2\/types\/page"}],"author":[{"embeddable":true,"href":"https:\/\/transportetyl.com\/index.php\/wp-json\/wp\/v2\/users\/1"}],"replies":[{"embeddable":true,"href":"https:\/\/transportetyl.com\/index.php\/wp-json\/wp\/v2\/comments?post=25339"}],"version-history":[{"count":5,"href":"https:\/\/transportetyl.com\/index.php\/wp-json\/wp\/v2\/pages\/25339\/revisions"}],"predecessor-version":[{"id":25346,"href":"https:\/\/transportetyl.com\/index.php\/wp-json\/wp\/v2\/pages\/25339\/revisions\/25346"}],"wp:attachment":[{"href":"https:\/\/transportetyl.com\/index.php\/wp-json\/wp\/v2\/media?parent=25339"}],"curies":[{"name":"wp","href":"https:\/\/api.w.org\/{rel}","templated":true}]}}