{"id":25429,"date":"2026-02-03T21:22:05","date_gmt":"2026-02-03T21:22:05","guid":{"rendered":"https:\/\/transportetyl.com\/?page_id=25429"},"modified":"2026-02-03T21:24:59","modified_gmt":"2026-02-03T21:24:59","slug":"supplantacion-de-identidad","status":"publish","type":"page","link":"https:\/\/transportetyl.com\/index.php\/supplantacion-de-identidad\/","title":{"rendered":"SUPLANTACION DE IDENTIDAD"},"content":{"rendered":"\n<div class=\"wp-block-uagb-image uagb-block-ab9e5f11 wp-block-uagb-image--layout-default wp-block-uagb-image--effect-static wp-block-uagb-image--align-none\"><figure class=\"wp-block-uagb-image__figure\"><img decoding=\"async\" srcset=\"https:\/\/transportetyl.com\/wp-content\/uploads\/2026\/02\/WhatsApp-Image-2026-02-03-at-3.54.39-PM-1-1024x1024.jpeg ,https:\/\/transportetyl.com\/wp-content\/uploads\/2026\/02\/WhatsApp-Image-2026-02-03-at-3.54.39-PM-1.jpeg 780w, https:\/\/transportetyl.com\/wp-content\/uploads\/2026\/02\/WhatsApp-Image-2026-02-03-at-3.54.39-PM-1.jpeg 360w\" sizes=\"auto, (max-width: 480px) 150px\" src=\"https:\/\/transportetyl.com\/wp-content\/uploads\/2026\/02\/WhatsApp-Image-2026-02-03-at-3.54.39-PM-1-1024x1024.jpeg\" alt=\"\" class=\"uag-image-25430\" width=\"1500\" height=\"1500\" title=\"WhatsApp Image 2026-02-03 at 3.54.39 PM\" loading=\"lazy\" role=\"img\"\/><\/figure><\/div>\n\n\n\n<p>\u26a0\ufe0f \u00a1ALERTA DE SEGURIDAD! \u26a0\ufe0f<\/p>\n\n\n\n<p>Queremos informar a nuestra comunidad y al p\u00fablico en general que est\u00e1n SUPLANTANDO NUESTRA IDENTIDAD a trav\u00e9s de canales no oficiales.<\/p>\n\n\n\n<p>\u274c EL SIGUIENTE N\u00daMERO ES FALSO Y EST\u00c1 COMETIENDO FRAUDES: \ud83d\udc49 WhatsApp: 312 358 3886 \ud83d\udeab y est\u00e1 p\u00e1gina de Facebook es falsa https:\/\/www.facebook.com\/share\/1KLL9wkUbh\/<\/p>\n\n\n\n<p>Est\u00e1n utilizando nuestra imagen, logos y nombre para realizar ofertas falsas y solicitar informaci\u00f3n. TRANSPORTE Y LOGISTICA SERVICES no se hace responsable por transacciones realizadas a trav\u00e9s de este n\u00famero.<\/p>\n\n\n\n<p><\/p>\n","protected":false},"excerpt":{"rendered":"<p>\u26a0\ufe0f \u00a1ALERTA DE SEGURIDAD! \u26a0\ufe0f Queremos informar a nuestra comunidad y al p\u00fablico en general que est\u00e1n SUPLANTANDO NUESTRA IDENTIDAD a trav\u00e9s de canales no oficiales. \u274c EL SIGUIENTE N\u00daMERO ES FALSO Y EST\u00c1 COMETIENDO FRAUDES: \ud83d\udc49 WhatsApp: 312 358 3886 \ud83d\udeab y est\u00e1 p\u00e1gina de Facebook es falsa https:\/\/www.facebook.com\/share\/1KLL9wkUbh\/ Est\u00e1n utilizando nuestra imagen, logos [&hellip;]<\/p>\n","protected":false},"author":1,"featured_media":0,"parent":0,"menu_order":0,"comment_status":"closed","ping_status":"closed","template":"","meta":{"_uag_custom_page_level_css":"","site-sidebar-layout":"default","site-content-layout":"","ast-site-content-layout":"default","site-content-style":"default","site-sidebar-style":"default","ast-global-header-display":"","ast-banner-title-visibility":"","ast-main-header-display":"","ast-hfb-above-header-display":"","ast-hfb-below-header-display":"","ast-hfb-mobile-header-display":"","site-post-title":"","ast-breadcrumbs-content":"","ast-featured-img":"","footer-sml-layout":"","theme-transparent-header-meta":"","adv-header-id-meta":"","stick-header-meta":"","header-above-stick-meta":"","header-main-stick-meta":"","header-below-stick-meta":"","astra-migrate-meta-layouts":"set","ast-page-background-enabled":"default","ast-page-background-meta":{"desktop":{"background-color":"","background-image":"","background-repeat":"repeat","background-position":"center center","background-size":"auto","background-attachment":"scroll","background-type":"","background-media":"","overlay-type":"","overlay-color":"","overlay-opacity":"","overlay-gradient":""},"tablet":{"background-color":"","background-image":"","background-repeat":"repeat","background-position":"center center","background-size":"auto","background-attachment":"scroll","background-type":"","background-media":"","overlay-type":"","overlay-color":"","overlay-opacity":"","overlay-gradient":""},"mobile":{"background-color":"","background-image":"","background-repeat":"repeat","background-position":"center center","background-size":"auto","background-attachment":"scroll","background-type":"","background-media":"","overlay-type":"","overlay-color":"","overlay-opacity":"","overlay-gradient":""}},"ast-content-background-meta":{"desktop":{"background-color":"var(--ast-global-color-5)","background-image":"","background-repeat":"repeat","background-position":"center center","background-size":"auto","background-attachment":"scroll","background-type":"","background-media":"","overlay-type":"","overlay-color":"","overlay-opacity":"","overlay-gradient":""},"tablet":{"background-color":"var(--ast-global-color-5)","background-image":"","background-repeat":"repeat","background-position":"center center","background-size":"auto","background-attachment":"scroll","background-type":"","background-media":"","overlay-type":"","overlay-color":"","overlay-opacity":"","overlay-gradient":""},"mobile":{"background-color":"var(--ast-global-color-5)","background-image":"","background-repeat":"repeat","background-position":"center center","background-size":"auto","background-attachment":"scroll","background-type":"","background-media":"","overlay-type":"","overlay-color":"","overlay-opacity":"","overlay-gradient":""}},"footnotes":""},"class_list":["post-25429","page","type-page","status-publish","hentry"],"uagb_featured_image_src":{"full":false,"thumbnail":false,"medium":false,"medium_large":false,"large":false,"1536x1536":false,"2048x2048":false,"woocommerce_thumbnail":false,"woocommerce_single":false,"woocommerce_gallery_thumbnail":false},"uagb_author_info":{"display_name":"transportetlservices","author_link":"https:\/\/transportetyl.com\/index.php\/author\/transportetlservices\/"},"uagb_comment_info":0,"uagb_excerpt":"\u26a0\ufe0f \u00a1ALERTA DE SEGURIDAD! \u26a0\ufe0f Queremos informar a nuestra comunidad y al p\u00fablico en general que est\u00e1n SUPLANTANDO NUESTRA IDENTIDAD a trav\u00e9s de canales no oficiales. \u274c EL SIGUIENTE N\u00daMERO ES FALSO Y EST\u00c1 COMETIENDO FRAUDES: \ud83d\udc49 WhatsApp: 312 358 3886 \ud83d\udeab y est\u00e1 p\u00e1gina de Facebook es falsa https:\/\/www.facebook.com\/share\/1KLL9wkUbh\/ Est\u00e1n utilizando nuestra imagen, logos&hellip;","_links":{"self":[{"href":"https:\/\/transportetyl.com\/index.php\/wp-json\/wp\/v2\/pages\/25429","targetHints":{"allow":["GET"]}}],"collection":[{"href":"https:\/\/transportetyl.com\/index.php\/wp-json\/wp\/v2\/pages"}],"about":[{"href":"https:\/\/transportetyl.com\/index.php\/wp-json\/wp\/v2\/types\/page"}],"author":[{"embeddable":true,"href":"https:\/\/transportetyl.com\/index.php\/wp-json\/wp\/v2\/users\/1"}],"replies":[{"embeddable":true,"href":"https:\/\/transportetyl.com\/index.php\/wp-json\/wp\/v2\/comments?post=25429"}],"version-history":[{"count":2,"href":"https:\/\/transportetyl.com\/index.php\/wp-json\/wp\/v2\/pages\/25429\/revisions"}],"predecessor-version":[{"id":25433,"href":"https:\/\/transportetyl.com\/index.php\/wp-json\/wp\/v2\/pages\/25429\/revisions\/25433"}],"wp:attachment":[{"href":"https:\/\/transportetyl.com\/index.php\/wp-json\/wp\/v2\/media?parent=25429"}],"curies":[{"name":"wp","href":"https:\/\/api.w.org\/{rel}","templated":true}]}}